{"id":80,"date":"2014-08-29T13:28:53","date_gmt":"2014-08-29T04:28:53","guid":{"rendered":"https:\/\/www.physics-e.com\/wordpressN\/products\/?page_id=80"},"modified":"2025-07-30T17:33:38","modified_gmt":"2025-07-30T08:33:38","slug":"inquiry","status":"publish","type":"page","link":"https:\/\/www.physics-e.com\/product\/inquiry\/","title":{"rendered":"\u304a\u554f\u3044\u5408\u308f\u305b"},"content":{"rendered":"\n<div class=\"wpcf7 no-js\" id=\"wpcf7-f1986-o1\" lang=\"ja\" dir=\"ltr\" data-wpcf7-id=\"1986\">\n<div class=\"screen-reader-response\"><p role=\"status\" aria-live=\"polite\" aria-atomic=\"true\"><\/p> <ul><\/ul><\/div>\n<form action=\"\/product\/wp-json\/wp\/v2\/pages\/80#wpcf7-f1986-o1\" method=\"post\" class=\"wpcf7-form init\" aria-label=\"\u30b3\u30f3\u30bf\u30af\u30c8\u30d5\u30a9\u30fc\u30e0\" novalidate=\"novalidate\" data-status=\"init\">\n<fieldset class=\"hidden-fields-container\"><input type=\"hidden\" name=\"_wpcf7\" value=\"1986\" \/><input type=\"hidden\" name=\"_wpcf7_version\" value=\"6.1.3\" \/><input type=\"hidden\" name=\"_wpcf7_locale\" value=\"ja\" \/><input type=\"hidden\" name=\"_wpcf7_unit_tag\" value=\"wpcf7-f1986-o1\" \/><input type=\"hidden\" name=\"_wpcf7_container_post\" value=\"0\" \/><input type=\"hidden\" name=\"_wpcf7_posted_data_hash\" value=\"\" \/>\n<\/fieldset>\n<div class=\"wpcf7c-elm-step1\">\n\t<h3>\u304a\u554f\u5408\u305b\u306f\u304a\u96fb\u8a71\u3067\u3082\u627f\u3063\u3066\u304a\u308a\u307e\u3059\u3002<br \/>\n<strong>078-325-8616\u3000(\u6708\uff5e\u91d1 9:00\uff5e18:00)\u3000\u30cb\u30e5\u30fc\u30ed\u30c6\u30af\u30ce\u30ed\u30b8\u30fc<\/strong><br \/>\n\u304a\u6c17\u8efd\u306b\u3069\u3046\u305e\u3054\u9023\u7d61\u304f\u3060\u3055\u3044\u3002<br \/>\n\u4ee5\u4e0b\u30d5\u30a9\u30fc\u30e0\u304b\u3089\u3082\u3054\u9023\u7d61\u3044\u305f\u3060\u3051\u307e\u3059\u3002\u5fc5\u9808\u9805\u76ee\u306f\u5fc5\u305a\u3054\u8a18\u5165\u304f\u3060\u3055\u3044\u3002\n\t<\/h3>\n<\/div>\n<div class=\"wpcf7c-elm-step2\">\n\t<h2>\u3054\u78ba\u8a8d\u306e\u4e0a\u3001\u6700\u4e0b\u6bb5\u306e\u9001\u4fe1\u30dc\u30bf\u30f3\u3092\u30af\u30ea\u30c3\u30af\u3057\u3066\u304f\u3060\u3055\u3044\u3002\n\t<\/h2>\n\t<h4>\u3046\u307e\u304f\u9001\u4fe1\u3067\u304d\u306a\u3044\u5834\u5408\u3001\u304a\u96fb\u8a71\u3067\u3082\u627f\u3063\u3066\u304a\u308a\u307e\u3059\u306e\u3067\u4e0b\u8a18\u307e\u3067\u3054\u9023\u7d61\u304f\u3060\u3055\u3044\u3002<br \/>\n<strong>078-325-8616\u3000(\u6708\uff5e\u91d1 9:00\uff5e18:00)\u3000\u30cb\u30e5\u30fc\u30ed\u30c6\u30af\u30ce\u30ed\u30b8\u30fc<\/strong>\n\t<\/h4>\n<\/div>\n<p class=\"c1\">\u4f1a\u793e\u540d\uff08\u56e3\u4f53\u540d\n<\/p>\n<p><span class=\"wpcf7-form-control-wrap\" data-name=\"your-company\"><input size=\"40\" maxlength=\"400\" class=\"wpcf7-form-control wpcf7-text\" aria-invalid=\"false\" placeholder=\"\u4f8b\uff1a\u25cb\u25cb\u5065\u5eb7\u7d44\u5408\" value=\"\" type=\"text\" name=\"your-company\" \/><\/span>\n<\/p>\n<p class=\"c2\"><span class=\"m-alert\">\u5fc5\u9808<\/span>\u304a\u540d\u524d\n<\/p>\n<p><span class=\"wpcf7-form-control-wrap\" data-name=\"your-name\"><input size=\"40\" maxlength=\"400\" class=\"wpcf7-form-control wpcf7-text wpcf7-validates-as-required\" aria-required=\"true\" aria-invalid=\"false\" placeholder=\"\u4f8b\uff1a\u5065\u5eb7\u3000\u592a\u90ce\" value=\"\" type=\"text\" name=\"your-name\" \/><\/span>\n<\/p>\n<p class=\"c1\"><span class=\"m-alert\">\u5fc5\u9808<\/span>\u30e1\u30fc\u30eb\u30a2\u30c9\u30ec\u30b9\n<\/p>\n<p><span class=\"wpcf7-form-control-wrap\" data-name=\"your-email\"><input size=\"40\" maxlength=\"400\" class=\"wpcf7-form-control wpcf7-email wpcf7-validates-as-required wpcf7-text wpcf7-validates-as-email\" aria-required=\"true\" aria-invalid=\"false\" placeholder=\"\u4f8b\uff1a\u00d7\u00d7\u00d7@\u00d7\u00d7\u00d7.com\" value=\"\" type=\"email\" name=\"your-email\" \/><\/span>\n<\/p>\n<p class=\"c2\"><span class=\"m-alert\">\u5fc5\u9808<\/span>\u90f5\u4fbf\u756a\u53f7\n<\/p>\n<p><span class=\"wpcf7-form-control-wrap\" data-name=\"zip\"><input size=\"40\" maxlength=\"400\" class=\"wpcf7-form-control wpcf7-text wpcf7-validates-as-required\" id=\"zip\" aria-required=\"true\" aria-invalid=\"false\" placeholder=\"\u4f8b\uff1a650-0031\" value=\"\" type=\"text\" name=\"zip\" \/><\/span>\n<\/p>\n<p class=\"c1\"><span class=\"m-alert\">\u5fc5\u9808<\/span>\u90fd\u9053\u5e9c\u770c\n<\/p>\n<p><span class=\"wpcf7-form-control-wrap\" data-name=\"pref\"><input size=\"40\" maxlength=\"400\" class=\"wpcf7-form-control wpcf7-text wpcf7-validates-as-required\" id=\"pref\" aria-required=\"true\" aria-invalid=\"false\" placeholder=\"\u4f8b\uff1a\u5175\u5eab\u770c\" value=\"\" type=\"text\" name=\"pref\" \/><\/span>\n<\/p>\n<p class=\"c2\">\u3054\u4f4f\u6240\n<\/p>\n<p><span class=\"wpcf7-form-control-wrap\" data-name=\"addr\"><input size=\"40\" maxlength=\"400\" class=\"wpcf7-form-control wpcf7-text\" id=\"addr\" aria-invalid=\"false\" placeholder=\"\u4f8b\uff1a\u795e\u6238\u5e02\u4e2d\u592e\u533a\u6771\u753a11-1 \u25cf\u25cf\u30d3\u30eb\u00d7F\" value=\"\" type=\"text\" name=\"addr\" \/><\/span>\n<\/p>\n<p class=\"c1\">\u304a\u96fb\u8a71\u756a\u53f7\n<\/p>\n<p><span class=\"wpcf7-form-control-wrap\" data-name=\"your-tel\"><input size=\"40\" maxlength=\"400\" class=\"wpcf7-form-control wpcf7-text\" aria-invalid=\"false\" placeholder=\"\u4f8b\uff1a078-325-8616\" value=\"\" type=\"text\" name=\"your-tel\" \/><\/span>\n<\/p>\n<p class=\"c2\"><span class=\"m-alert\">\u5fc5\u9808<\/span>\u304a\u554f\u5408\u305b\u672c\u6587\n<\/p>\n<p><span class=\"wpcf7-form-control-wrap\" data-name=\"your-message\"><textarea cols=\"40\" rows=\"10\" maxlength=\"2000\" class=\"wpcf7-form-control wpcf7-textarea wpcf7-validates-as-required\" aria-required=\"true\" aria-invalid=\"false\" placeholder=\"\u4f8b\uff1a\u304a\u554f\u5408\u305b\u5185\u5bb9\u3092\u3054\u8a18\u5165\u304f\u3060\u3055\u3044\" name=\"your-message\"><\/textarea><\/span>\n<\/p>\n<p class=\"c1\" last>\u9023\u7d61\u65b9\u6cd5\n<\/p>\n<p><span class=\"wpcf7-form-control-wrap\" data-name=\"contact-method\"><span class=\"wpcf7-form-control wpcf7-checkbox\"><span class=\"wpcf7-list-item first\"><input type=\"checkbox\" name=\"contact-method[]\" value=\"\u96fb\u8a71\u3067\u9023\u7d61\u304c\u6b32\u3057\u3044\" \/><span class=\"wpcf7-list-item-label\">\u96fb\u8a71\u3067\u9023\u7d61\u304c\u6b32\u3057\u3044<\/span><\/span><span class=\"wpcf7-list-item last\"><input type=\"checkbox\" name=\"contact-method[]\" value=\"\u30e1\u30fc\u30eb\u3067\u9023\u7d61\u304c\u6b32\u3057\u3044\" \/><span class=\"wpcf7-list-item-label\">\u30e1\u30fc\u30eb\u3067\u9023\u7d61\u304c\u6b32\u3057\u3044<\/span><\/span><\/span><\/span>\n<\/p>\n<div class=\"submit_area clearfix\">\n\t<p><input class=\"wpcf7-form-control wpcf7-submit has-spinner\" type=\"submit\" value=\"\u9001\u4fe1\" \/>\n\t<\/p>\n\t<p><input class=\"wpcf7-form-control wpcf7-confirm wpcf7c-elm-step1 wpcf7c-btn-confirm wpcf7c-force-hide\" type=\"submit\" value=\"\u78ba\u8a8d\" \/>\n\t<\/p>\n\t<p><input class=\"wpcf7-form-control wpcf7-back wpcf7c-elm-step2 wpcf7c-btn-back wpcf7c-force-hide\" type=\"button\" value=\"\u623b\u3063\u3066\u7de8\u96c6\" \/>\n\t<\/p>\n<\/div><p style=\"display: none !important;\" class=\"akismet-fields-container\" data-prefix=\"_wpcf7_ak_\"><label>&#916;<textarea name=\"_wpcf7_ak_hp_textarea\" cols=\"45\" rows=\"8\" maxlength=\"100\"><\/textarea><\/label><input type=\"hidden\" id=\"ak_js_1\" name=\"_wpcf7_ak_js\" value=\"243\"\/><script>document.getElementById( \"ak_js_1\" ).setAttribute( \"value\", ( new Date() ).getTime() );<\/script><\/p><div class=\"wpcf7-response-output\" aria-hidden=\"true\"><\/div>\n<\/form>\n<\/div>\n\n","protected":false},"excerpt":{"rendered":"","protected":false},"author":1,"featured_media":0,"parent":0,"menu_order":0,"comment_status":"closed","ping_status":"closed","template":"","meta":{"footnotes":""},"class_list":["post-80","page","type-page","status-publish","hentry"],"_links":{"self":[{"href":"https:\/\/www.physics-e.com\/product\/wp-json\/wp\/v2\/pages\/80","targetHints":{"allow":["GET"]}}],"collection":[{"href":"https:\/\/www.physics-e.com\/product\/wp-json\/wp\/v2\/pages"}],"about":[{"href":"https:\/\/www.physics-e.com\/product\/wp-json\/wp\/v2\/types\/page"}],"author":[{"embeddable":true,"href":"https:\/\/www.physics-e.com\/product\/wp-json\/wp\/v2\/users\/1"}],"replies":[{"embeddable":true,"href":"https:\/\/www.physics-e.com\/product\/wp-json\/wp\/v2\/comments?post=80"}],"version-history":[{"count":4,"href":"https:\/\/www.physics-e.com\/product\/wp-json\/wp\/v2\/pages\/80\/revisions"}],"predecessor-version":[{"id":1987,"href":"https:\/\/www.physics-e.com\/product\/wp-json\/wp\/v2\/pages\/80\/revisions\/1987"}],"wp:attachment":[{"href":"https:\/\/www.physics-e.com\/product\/wp-json\/wp\/v2\/media?parent=80"}],"curies":[{"name":"wp","href":"https:\/\/api.w.org\/{rel}","templated":true}]}}